{"id":10,"date":"2019-06-11T15:25:08","date_gmt":"2019-06-11T13:25:08","guid":{"rendered":"http:\/\/goazrt.eu\/wp_hu\/?page_id=10"},"modified":"2020-03-13T07:55:06","modified_gmt":"2020-03-13T05:55:06","slug":"kezdolap","status":"publish","type":"page","link":"https:\/\/goazrt.eu\/wordpress\/","title":{"rendered":"Kezd\u0151lap"},"content":{"rendered":"\r\n<p>A Global Operation Agency Zrt. szolg\u00e1ltat\u00e1sai sor\u00e1n felm\u00e9rte \u00e9s felismerte, hogy szolg\u00e1ltat\u00f3k\u00e9nt olyan szolg\u00e1ltat\u00e1sokat kell ny\u00fajtsunk a megrendel\u0151ink r\u00e9sz\u00e9re, melyek teljes m\u00e9rt\u00e9kben a megrendel\u0151inkhez igazodnak.<\/p>\r\n\r\n\r\n\r\n<p> <br> A mi elk\u00e9pzel\u00e9s\u00fcnk, hogy k\u00f6vetkezetesen \u00e9s kiemelked\u0151 min\u0151s\u00e9g\u0171 szolg\u00e1ltat\u00e1st ny\u00fajtsunk \u00e9s teljes meg\u00e9rt\u00e9ssel a megrendel\u0151i ig\u00e9nyekhez igazodva. Ennek el\u00e9r\u00e9se \u00e9rdek\u00e9ben teljes rugalmass\u00e1got \u00e9s folyamatos odadigyel\u00e9st biztos\u00edtunk az elv\u00e9gzett feladatok tekintet\u00e9ben. Dolgoz\u00f3inkat folyamatosan ellen\u0151rizz\u00fck \u00e9s rugalmas valamint t\u00f6rv\u00e9nyszer\u0171 foglalkoztat\u00e1sa mellett tov\u00e1bb fejl\u0151d\u00e9si lehet\u0151s\u00e9get biztos\u00edtunk r\u00e9sz\u00fckre. Minden dolgoz\u00f3nkat a szakmai ir\u00e1nyelveknek megfelel\u0151en v\u00e1lasszuk ki. Saj\u00e1t bels\u0151 active monitoring rendszer\u00fcnk r\u00e9v\u00e9n folyamatosan ellen\u0151rizz\u00fck a munkafolyamatok szakszer\u0171 elv\u00e9gz\u00e9s\u00e9t. Munkat\u00e1rsaink t\u00f6bbs\u00e9ge a munkav\u00e9gz\u00e9se sor\u00e1n folyamatosan testkamer\u00e1t visel amennyiben ezt a t\u00f6rv\u00e9nyi lehet\u0151s\u00e9gek biztos\u00edtj\u00e1k a testamera \u00e9l\u0151 k\u00e9p\u00e9t folyamatosan nyomon k\u00f6veti a biztos\u00e1gi szolg\u00e1latunk \u00e9s a dolgoz\u00f3 szakszer\u0171 munkav\u00e9gz\u00e9s\u00e9t t\u00e1mogatja.<\/p>\r\n\r\n\r\n\r\n<p><span style=\"background-color: rgb(232, 234, 235);\"><\/p>\r\n\r\n\r\n","protected":false},"excerpt":{"rendered":"<p>A Global Operation Agency Zrt. szolg\u00e1ltat\u00e1sai sor\u00e1n felm\u00e9rte \u00e9s felismerte, hogy szolg\u00e1ltat\u00f3k\u00e9nt olyan szolg\u00e1ltat\u00e1sokat kell ny\u00fajtsunk a megrendel\u0151ink r\u00e9sz\u00e9re, melyek teljes m\u00e9rt\u00e9kben a megrendel\u0151inkhez igazodnak. A mi elk\u00e9pzel\u00e9s\u00fcnk, hogy k\u00f6vetkezetesen \u00e9s kiemelked\u0151 min\u0151s\u00e9g\u0171 szolg\u00e1ltat\u00e1st ny\u00fajtsunk \u00e9s teljes meg\u00e9rt\u00e9ssel a megrendel\u0151i ig\u00e9nyekhez igazodva. Ennek el\u00e9r\u00e9se \u00e9rdek\u00e9ben teljes rugalmass\u00e1got \u00e9s folyamatos odadigyel\u00e9st biztos\u00edtunk az elv\u00e9gzett feladatok tekintet\u00e9ben. [&hellip;]<\/p>\n","protected":false},"author":1,"featured_media":0,"parent":0,"menu_order":0,"comment_status":"closed","ping_status":"closed","template":"","meta":[],"_links":{"self":[{"href":"https:\/\/goazrt.eu\/wordpress\/wp-json\/wp\/v2\/pages\/10"}],"collection":[{"href":"https:\/\/goazrt.eu\/wordpress\/wp-json\/wp\/v2\/pages"}],"about":[{"href":"https:\/\/goazrt.eu\/wordpress\/wp-json\/wp\/v2\/types\/page"}],"author":[{"embeddable":true,"href":"https:\/\/goazrt.eu\/wordpress\/wp-json\/wp\/v2\/users\/1"}],"replies":[{"embeddable":true,"href":"https:\/\/goazrt.eu\/wordpress\/wp-json\/wp\/v2\/comments?post=10"}],"version-history":[{"count":5,"href":"https:\/\/goazrt.eu\/wordpress\/wp-json\/wp\/v2\/pages\/10\/revisions"}],"predecessor-version":[{"id":121,"href":"https:\/\/goazrt.eu\/wordpress\/wp-json\/wp\/v2\/pages\/10\/revisions\/121"}],"wp:attachment":[{"href":"https:\/\/goazrt.eu\/wordpress\/wp-json\/wp\/v2\/media?parent=10"}],"curies":[{"name":"wp","href":"https:\/\/api.w.org\/{rel}","templated":true}]}}