{"id":24,"date":"2019-06-11T15:35:08","date_gmt":"2019-06-11T13:35:08","guid":{"rendered":"http:\/\/goazrt.eu\/wp_hu\/?page_id=24"},"modified":"2019-08-12T13:50:28","modified_gmt":"2019-08-12T11:50:28","slug":"minosegiranyitasi-rendszer","status":"publish","type":"page","link":"https:\/\/goazrt.eu\/wordpress\/minosegiranyitasi-rendszer\/","title":{"rendered":"Min\u0151s\u00e9gir\u00e1ny\u00edt\u00e1si rendszer"},"content":{"rendered":"<p><img decoding=\"async\" loading=\"lazy\" src=\"https:\/\/goazrt.eu\/wp-content\/uploads\/2019\/08\/iso9001-300x300.png\" alt=\"\" width=\"300\" height=\"300\" class=\"alignright size-medium wp-image-111\" srcset=\"https:\/\/goazrt.eu\/wordpress\/wp-content\/uploads\/2019\/08\/iso9001-300x300.png 300w, https:\/\/goazrt.eu\/wordpress\/wp-content\/uploads\/2019\/08\/iso9001-150x150.png 150w, https:\/\/goazrt.eu\/wordpress\/wp-content\/uploads\/2019\/08\/iso9001.png 676w\" sizes=\"(max-width: 300px) 100vw, 300px\" \/><\/p>\n<p style=\"text-align: justify;\">Nagy figyelmet szentel\u00fcnk szolg\u00e1ltat\u00e1saink folyamatosan magas szinten tart\u00e1s\u00e1ra, valamint a k\u00f6rnyezet v\u00e9delemre \u00e9s a k\u00f6rnyezeti terhel\u00e9s cs\u00f6kkent\u00e9s\u00e9re ez\u00e9rt a legmodernebb technol\u00f3gi\u00e1nak megfelel\u0151 anyagokat, eszk\u00f6z\u00f6ket \u00e9s megold\u00e1sokat alkalmazunk, valamint az el\u00e9rhet\u0151 leg\u00fajabb \u00e9s felhaszn\u00e1l\u00f3bar\u00e1t informatikai, telekommunik\u00e1ci\u00f3s rendszereket m\u0171k\u00f6dtet\u00fcnk, haszn\u00e1lunk.<\/p>\n<p style=\"text-align: justify;\">Mindezek folyamatos fejleszt\u00e9s\u00e9vel t\u00f6reksz\u00fcnk vev\u0151ink egyre magasabb szint\u0171 kiszolg\u00e1l\u00e1s\u00e1ra.<\/p>\n","protected":false},"excerpt":{"rendered":"<p>Nagy figyelmet szentel\u00fcnk szolg\u00e1ltat\u00e1saink folyamatosan magas szinten tart\u00e1s\u00e1ra, valamint a k\u00f6rnyezet v\u00e9delemre \u00e9s a k\u00f6rnyezeti terhel\u00e9s cs\u00f6kkent\u00e9s\u00e9re ez\u00e9rt a legmodernebb technol\u00f3gi\u00e1nak megfelel\u0151 anyagokat, eszk\u00f6z\u00f6ket \u00e9s megold\u00e1sokat alkalmazunk, valamint az el\u00e9rhet\u0151 leg\u00fajabb \u00e9s felhaszn\u00e1l\u00f3bar\u00e1t informatikai, telekommunik\u00e1ci\u00f3s rendszereket m\u0171k\u00f6dtet\u00fcnk, haszn\u00e1lunk. Mindezek folyamatos fejleszt\u00e9s\u00e9vel t\u00f6reksz\u00fcnk vev\u0151ink egyre magasabb szint\u0171 kiszolg\u00e1l\u00e1s\u00e1ra.<\/p>\n","protected":false},"author":1,"featured_media":0,"parent":0,"menu_order":6,"comment_status":"closed","ping_status":"closed","template":"","meta":[],"_links":{"self":[{"href":"https:\/\/goazrt.eu\/wordpress\/wp-json\/wp\/v2\/pages\/24"}],"collection":[{"href":"https:\/\/goazrt.eu\/wordpress\/wp-json\/wp\/v2\/pages"}],"about":[{"href":"https:\/\/goazrt.eu\/wordpress\/wp-json\/wp\/v2\/types\/page"}],"author":[{"embeddable":true,"href":"https:\/\/goazrt.eu\/wordpress\/wp-json\/wp\/v2\/users\/1"}],"replies":[{"embeddable":true,"href":"https:\/\/goazrt.eu\/wordpress\/wp-json\/wp\/v2\/comments?post=24"}],"version-history":[{"count":3,"href":"https:\/\/goazrt.eu\/wordpress\/wp-json\/wp\/v2\/pages\/24\/revisions"}],"predecessor-version":[{"id":112,"href":"https:\/\/goazrt.eu\/wordpress\/wp-json\/wp\/v2\/pages\/24\/revisions\/112"}],"wp:attachment":[{"href":"https:\/\/goazrt.eu\/wordpress\/wp-json\/wp\/v2\/media?parent=24"}],"curies":[{"name":"wp","href":"https:\/\/api.w.org\/{rel}","templated":true}]}}