{"id":26,"date":"2019-06-11T15:38:03","date_gmt":"2019-06-11T13:38:03","guid":{"rendered":"http:\/\/goazrt.eu\/wp_hu\/?page_id=26"},"modified":"2022-10-05T06:44:38","modified_gmt":"2022-10-05T04:44:38","slug":"repuloterek-kiszolgalasa","status":"publish","type":"page","link":"https:\/\/goazrt.eu\/wordpress\/repuloterek-kiszolgalasa\/","title":{"rendered":"Rep\u00fcl\u0151terek kiszolg\u00e1l\u00e1sa"},"content":{"rendered":"<p><span style=\"font-weight: bold;\">L\u00e9gi \u00e9s sz\u00e1razf\u00f6ldi kiszolg\u00e1l\u00e1s<\/span><br \/>\n<img decoding=\"async\" src=\"https:\/\/goazrt.eu\/wordpress\/wp-content\/uploads\/2019\/06\/repuloterek-kiszolgalasa-300x194.jpg\" alt=\"ground handling\" width=\"230\" class=\"alignleft\"><\/p>\n<p style=\"text-align: justify;\">Rendelkez\u00fcnk a nemzetk\u00f6zi rep\u00fcl\u00e9sv\u00e9delmi szaktanfolyamokkal, v\u00e9delmi tiszttel. C\u00e9g\u00fcnk fels\u0151 biztons\u00e1gi vezet\u0151je rendelkezik a legszigor\u00fabb izraeli l\u00e9gik\u00f6zleked\u00e9si szakk\u00e9pz\u00e9s keret\u00e9n bel\u00fcl a rep\u00fcl\u0151terek \u00e9s rep\u00fcl\u0151k ellen elk\u00f6vetett terrort\u00e1mad\u00e1st kik\u00fcsz\u00f6b\u00f6l\u0151 <em>(Anti- terrorista)<\/em> szakk\u00e9pz\u00e9ssel.<br \/>\nV\u00e1llaljuk rep\u00fcl\u0151terek utas biztons\u00e1gi ellen\u0151rz\u00e9s\u00e9t, takar\u00edt\u00e1s\u00e1t, csomagok sz\u00e1ll\u00edt\u00e1s\u00e1t rakod\u00e1s\u00e1t, rep\u00fcl\u0151g\u00e9pek teherrakod\u00e1s\u00e1t.<\/p>\n<p style=\"text-align: justify;\">V\u00e1llaljuk r\u00f6ntgeng\u00e9pek kezel\u00e9s\u00e9t \u00fczemeltet\u00e9s\u00e9t melyek az utas poggy\u00e1sz \u00e9s teher csomagok \u00e1tvil\u00e1g\u00edt\u00e1s\u00e1t v\u00e9gzik.<\/p>\n<p style=\"text-align: justify;\"><span style=\"font-weight: bold;\">Utas biztons\u00e1gi ellen\u0151rz\u00e9s<\/span><br \/>\n(Passenger Security)<\/p>\n<p><img decoding=\"async\" src=\"https:\/\/goazrt.eu\/wordpress\/wp-content\/uploads\/2019\/06\/repter2.jpg\" alt=\"repter2\" width=\"138\" class=\"alignright\"><\/p>\n<p style=\"text-align: justify;\">V\u00e1llaljuk rep\u00fcl\u0151terek utas biztons\u00e1gi ellen\u0151rz\u00e9s\u00e9t. Ellen\u0151rz\u00e9st teljes rep\u00fcl\u0151t\u00e9rt \u00e1tfog\u00f3an v\u00e1llaljuk. Kezelj\u00fck a rep\u00fcl\u0151terek biztons\u00e1g\u00e1t el\u0151seg\u00edt\u0151 m\u0171szaki berendez\u00e9seket. Ellen\u0151rizz\u00fck az utasokat rep\u00fcl\u0151t\u00e9rre \u00e9rkez\u00e9s\u00fckt\u0151l a rep\u00fcl\u0151t\u00e9rr\u0151l t\u00e1voz\u00e1sukig. Megel\u0151z\u0151 tev\u00e9kenys\u00e9get v\u00e9gz\u00fcnk a rendk\u00edv\u00fcli esem\u00e9nyek elker\u00fcl\u00e9se v\u00e9gett <em>(terrort\u00e1mad\u00e1s, t\u0171z \u00e9s katasztr\u00f3fa elker\u00fcl\u0151 ellen\u0151rz\u00e9sek)<\/em>. Biztos\u00edtjuk a rep\u00fcl\u0151t\u00e9r t\u0171z \u00e9s vagyon biztons\u00e1g\u00e1t.<\/p>\n<p>&nbsp;<\/p>\n<p><img decoding=\"async\" src=\"https:\/\/goazrt.eu\/wordpress\/wp-content\/uploads\/2019\/06\/repter2-1.jpg\" alt=\"repter2-1\" width=\"180\" class=\"alignleft\"><span style=\"font-weight: bold;\">Utas- \u00e9s poggy\u00e1szkezel\u00e9s<\/span><br \/>\n(Passenger &amp; Baggage)<\/p>\n<p style=\"text-align: justify;\">A poggy\u00e1szok kezel\u00e9se, v\u00e1logat\u00e1sa \u00e9s az indul\u00e1sra val\u00f3 el\u0151k\u00e9sz\u00edt\u00e9se a v\u00e1logat\u00f3ban, a poggy\u00e1szoknak a l\u00e9gij\u00e1rm\u0171 \u00e9s a v\u00e1logat\u00f3 k\u00f6z\u00f6tti sz\u00e1ll\u00edt\u00e1s\u00e1ra szolg\u00e1l\u00f3 j\u00e1rm\u0171re t\u00f6rt\u00e9n\u0151 felrakod\u00e1sa \u00e9s arr\u00f3l val\u00f3 lerakod\u00e1sa, valamint a poggy\u00e1szok tov\u00e1bb\u00edt\u00e1sa a v\u00e1logat\u00f3b\u00f3l a poggy\u00e1szkiad\u00f3ba.<\/p>\n<p style=\"text-align: justify;\"><span style=\"font-weight: bold;\">\u00c1ru- \u00e9s postai k\u00fcldem\u00e9nyek kezel\u00e9se<\/span><br \/>\n(Cargo &amp; Post Office Mail)<\/p>\n<p style=\"text-align: justify;\">\u00c1ru vonatkoz\u00e1s\u00e1ban az export, import \u00e9s transzfer \u00e1ru fizikai kezel\u00e9se, a kapcsol\u00f3d\u00f3 okm\u00e1nyok kezel\u00e9se, postai k\u00fcldem\u00e9nyek vonatkoz\u00e1s\u00e1ban a bej\u00f6v\u0151 \u00e9s kimen\u0151 postai k\u00fcldem\u00e9nyek fizikai kezel\u00e9se, a kapcsol\u00f3d\u00f3 okm\u00e1nyok kezel\u00e9se.<\/p>\n<p><img decoding=\"async\" src=\"https:\/\/goazrt.eu\/wordpress\/wp-content\/uploads\/2019\/06\/repulogep_takaritas1-300x199.jpg\" alt=\"repulogep_takaritas\" width=\"200\" class=\"alignright\"><span style=\"font-weight: bold;\">Rep\u00fcl\u0151terek \u00e9s rep\u00fcl\u0151g\u00e9pek takar\u00edt\u00e1sa<\/span><br \/>\nV\u00e1llaljuk rep\u00fcl\u0151terek \u00e9s rep\u00fcl\u0151g\u00e9pek takar\u00edt\u00e1s\u00e1t a legmagasabb min\u0151s\u00e9gi k\u00f6vetelm\u00e9nyeknek megfelel\u0151en biztos\u00edtva az utaz\u00f3k maxim\u00e1lis komfort \u00e9s higi\u00e9niai ig\u00e9ny\u00e9t. Takar\u00edt\u00f3 szem\u00e9lyzet\u00fcnket magas rizik\u00f3faktornak megfelel\u0151en ellen\u0151rizz\u00fck biztos\u00edtva a rep\u00fcl\u00e9sbiztons\u00e1g maxim\u00e1lis biztos\u00edt\u00e1s\u00e1t. Takar\u00edt\u00f3szolg\u00e1ltat\u00e1sunk alkalmazkodik a rep\u00fcl\u0151terek-rep\u00fcl\u0151k forgalm\u00e1hoz minden \u00e9vszakban. H\u00f3 eltakar\u00edt\u00e1st \u00e9s h\u00f3 \u00fcgyeletet tartunk!<\/p>\n<p><img decoding=\"async\" src=\"https:\/\/goazrt.eu\/wordpress\/wp-content\/uploads\/2019\/06\/catering.jpg\" alt=\"catering\" width=\"140\" class=\"alignleft\"><span style=\"font-weight: bold;\">\u00c9lelmiszer csomagol\u00e1s<\/span><br \/>\nC\u00e9g\u00fcnk v\u00e1llalja \u00e9lelmiszerek el\u0151k\u00e9sz\u00edt\u00e9s\u00e9t \u00e9s csomagol\u00e1s\u00e1t a hat\u00e1lyos rep\u00fcl\u00e9sv\u00e9delmi szab\u00e1lyoz\u00e1snak megfelel\u0151en.<\/p>\n<p>Dolgoz\u00f3ink \u00e9s partner c\u00e9geink nagy tapasztalattal rendelkeznek ezen a ter\u00fcleten \u00e9s a vil\u00e1g vezet\u0151 l\u00e9git\u00e1rsas\u00e1gai is bizony\u00edtj\u00e1k ezen tev\u00e9kenys\u00e9g\u00fcnk maxim\u00e1lis elv\u00e9gz\u00e9s\u00e9nek m\u00f3dj\u00e1t.<\/p>\n<p>Magyarorsz\u00e1gi partnerc\u00e9g\u00fcnk \u00fczem\u00e9ben k\u00e9sz\u00edtj\u00fck el a csomagol\u00e1s technol\u00f3gi\u00e1t \u00e9s csomagoljuk az \u00e9lelmiszereket!<\/p>\n","protected":false},"excerpt":{"rendered":"<p>L\u00e9gi \u00e9s sz\u00e1razf\u00f6ldi kiszolg\u00e1l\u00e1s Rendelkez\u00fcnk a nemzetk\u00f6zi rep\u00fcl\u00e9sv\u00e9delmi szaktanfolyamokkal, v\u00e9delmi tiszttel. C\u00e9g\u00fcnk fels\u0151 biztons\u00e1gi vezet\u0151je rendelkezik a legszigor\u00fabb izraeli l\u00e9gik\u00f6zleked\u00e9si szakk\u00e9pz\u00e9s keret\u00e9n bel\u00fcl a rep\u00fcl\u0151terek \u00e9s rep\u00fcl\u0151k ellen elk\u00f6vetett terrort\u00e1mad\u00e1st kik\u00fcsz\u00f6b\u00f6l\u0151 (Anti- terrorista) szakk\u00e9pz\u00e9ssel. V\u00e1llaljuk rep\u00fcl\u0151terek utas biztons\u00e1gi ellen\u0151rz\u00e9s\u00e9t, takar\u00edt\u00e1s\u00e1t, csomagok sz\u00e1ll\u00edt\u00e1s\u00e1t rakod\u00e1s\u00e1t, rep\u00fcl\u0151g\u00e9pek teherrakod\u00e1s\u00e1t. V\u00e1llaljuk r\u00f6ntgeng\u00e9pek kezel\u00e9s\u00e9t \u00fczemeltet\u00e9s\u00e9t melyek az utas poggy\u00e1sz \u00e9s teher [&hellip;]<\/p>\n","protected":false},"author":1,"featured_media":0,"parent":0,"menu_order":0,"comment_status":"closed","ping_status":"closed","template":"","meta":[],"_links":{"self":[{"href":"https:\/\/goazrt.eu\/wordpress\/wp-json\/wp\/v2\/pages\/26"}],"collection":[{"href":"https:\/\/goazrt.eu\/wordpress\/wp-json\/wp\/v2\/pages"}],"about":[{"href":"https:\/\/goazrt.eu\/wordpress\/wp-json\/wp\/v2\/types\/page"}],"author":[{"embeddable":true,"href":"https:\/\/goazrt.eu\/wordpress\/wp-json\/wp\/v2\/users\/1"}],"replies":[{"embeddable":true,"href":"https:\/\/goazrt.eu\/wordpress\/wp-json\/wp\/v2\/comments?post=26"}],"version-history":[{"count":5,"href":"https:\/\/goazrt.eu\/wordpress\/wp-json\/wp\/v2\/pages\/26\/revisions"}],"predecessor-version":[{"id":151,"href":"https:\/\/goazrt.eu\/wordpress\/wp-json\/wp\/v2\/pages\/26\/revisions\/151"}],"wp:attachment":[{"href":"https:\/\/goazrt.eu\/wordpress\/wp-json\/wp\/v2\/media?parent=26"}],"curies":[{"name":"wp","href":"https:\/\/api.w.org\/{rel}","templated":true}]}}