{"id":29,"date":"2019-06-11T15:39:31","date_gmt":"2019-06-11T13:39:31","guid":{"rendered":"http:\/\/goazrt.eu\/wp_hu\/?page_id=29"},"modified":"2022-10-05T06:45:14","modified_gmt":"2022-10-05T04:45:14","slug":"rakodas-es-szallitas","status":"publish","type":"page","link":"https:\/\/goazrt.eu\/wordpress\/rakodas-es-szallitas\/","title":{"rendered":"Rakod\u00e1s \u00e9s sz\u00e1ll\u00edt\u00e1s"},"content":{"rendered":"<p><img decoding=\"async\" loading=\"lazy\" class=\"alignright size-full wp-image-90\" src=\"https:\/\/goazrt.eu\/wordpress\/wp-content\/uploads\/2019\/08\/rakodasszallitas.jpg\" alt=\"rakodas_szallitas\" width=\"259\" height=\"194\"><br \/>\nV\u00e1llaljuk, m\u00e9ret, s\u00faly \u00e9s vesz\u00e9lyeztetetts\u00e9gt\u0151l f\u00fcggetlen\u00fcl, b\u00e1rmi nem\u0171 csomagok, b\u00fatorok, eszk\u00f6z\u00f6k, archiv\u00e1lt iratok biztons\u00e1gos, diszkr\u00e9t rakod\u00e1s\u00e1t \u00e9s prec\u00edz sz\u00e1ll\u00edt\u00e1s\u00e1t.<\/p>\n<p>Rep\u00fcl\u0151terekre \u00e9rkez\u0151 csomagok, k\u00fcldem\u00e9nyek rakod\u00e1s\u00e1t, sz\u00e1ll\u00edt\u00e1s\u00e1t, valamint rakt\u00e1rcsarnokok teljes k\u00f6r\u0171, rakod\u00e1si tev\u00e9kenys\u00e9g\u00e9nek logisztikai ell\u00e1t\u00e1s\u00e1t.<\/p>\n","protected":false},"excerpt":{"rendered":"<p>V\u00e1llaljuk, m\u00e9ret, s\u00faly \u00e9s vesz\u00e9lyeztetetts\u00e9gt\u0151l f\u00fcggetlen\u00fcl, b\u00e1rmi nem\u0171 csomagok, b\u00fatorok, eszk\u00f6z\u00f6k, archiv\u00e1lt iratok biztons\u00e1gos, diszkr\u00e9t rakod\u00e1s\u00e1t \u00e9s prec\u00edz sz\u00e1ll\u00edt\u00e1s\u00e1t. Rep\u00fcl\u0151terekre \u00e9rkez\u0151 csomagok, k\u00fcldem\u00e9nyek rakod\u00e1s\u00e1t, sz\u00e1ll\u00edt\u00e1s\u00e1t, valamint rakt\u00e1rcsarnokok teljes k\u00f6r\u0171, rakod\u00e1si tev\u00e9kenys\u00e9g\u00e9nek logisztikai ell\u00e1t\u00e1s\u00e1t.<\/p>\n","protected":false},"author":1,"featured_media":0,"parent":0,"menu_order":0,"comment_status":"closed","ping_status":"closed","template":"","meta":[],"_links":{"self":[{"href":"https:\/\/goazrt.eu\/wordpress\/wp-json\/wp\/v2\/pages\/29"}],"collection":[{"href":"https:\/\/goazrt.eu\/wordpress\/wp-json\/wp\/v2\/pages"}],"about":[{"href":"https:\/\/goazrt.eu\/wordpress\/wp-json\/wp\/v2\/types\/page"}],"author":[{"embeddable":true,"href":"https:\/\/goazrt.eu\/wordpress\/wp-json\/wp\/v2\/users\/1"}],"replies":[{"embeddable":true,"href":"https:\/\/goazrt.eu\/wordpress\/wp-json\/wp\/v2\/comments?post=29"}],"version-history":[{"count":5,"href":"https:\/\/goazrt.eu\/wordpress\/wp-json\/wp\/v2\/pages\/29\/revisions"}],"predecessor-version":[{"id":152,"href":"https:\/\/goazrt.eu\/wordpress\/wp-json\/wp\/v2\/pages\/29\/revisions\/152"}],"wp:attachment":[{"href":"https:\/\/goazrt.eu\/wordpress\/wp-json\/wp\/v2\/media?parent=29"}],"curies":[{"name":"wp","href":"https:\/\/api.w.org\/{rel}","templated":true}]}}