{"id":32,"date":"2019-06-11T15:54:31","date_gmt":"2019-06-11T13:54:31","guid":{"rendered":"http:\/\/goazrt.eu\/wp_hu\/?page_id=32"},"modified":"2019-08-12T13:08:20","modified_gmt":"2019-08-12T11:08:20","slug":"nemzetkozi-es-belfoldi-arufuvarozas","status":"publish","type":"page","link":"https:\/\/goazrt.eu\/wordpress\/nemzetkozi-es-belfoldi-arufuvarozas\/","title":{"rendered":"Nemzetk\u00f6zi \u00e9s belf\u00f6ldi \u00e1rufuvaroz\u00e1s"},"content":{"rendered":"<p><img decoding=\"async\" loading=\"lazy\" src=\"https:\/\/goazrt.eu\/wp-content\/uploads\/2019\/08\/20170907_161122-300x225.jpg\" alt=\"\" width=\"300\" height=\"225\" class=\"alignright size-medium wp-image-94\" srcset=\"https:\/\/goazrt.eu\/wordpress\/wp-content\/uploads\/2019\/08\/20170907_161122-300x225.jpg 300w, https:\/\/goazrt.eu\/wordpress\/wp-content\/uploads\/2019\/08\/20170907_161122-768x576.jpg 768w, https:\/\/goazrt.eu\/wordpress\/wp-content\/uploads\/2019\/08\/20170907_161122-1024x768.jpg 1024w\" sizes=\"(max-width: 300px) 100vw, 300px\" \/><\/p>\n<p style=\"text-align: justify;\">C\u00e9g\u00fcnk alkalmazottai rendelkeznek a rakom\u00e1nykezel\u00e9si, rakom\u00e1ny rendez\u00e9si, rakom\u00e1ny r\u00f6gz\u00edt\u00e9si feladatokkal kapcsolatos tapasztalatokkal ez\u00e9rt egy magas szint\u0171 szolg\u00e1ltat\u00e1ssal tudunk a megrendel\u0151ink r\u00e9sz\u00e9re \u00e1llni. Folyamatosan ellen\u0151rizz\u00fck a dolgoz\u00f3ink szakmai felk\u00e9sz\u00fclts\u00e9g\u00e9t \u00e9s a megrendel\u0151kh\u00f6z \u00e9s c\u00e9g\u00fcnkh\u00f6z val\u00f3 maxim\u00e1lis lojalit\u00e1sukat.<\/p>\n<p style=\"text-align: justify;\">Felk\u00e9sz\u00fclts\u00e9g\u00fck r\u00e9v\u00e9n k\u00e9pesek elemz\u0151-\u00e9rt\u00e9kel\u0151 tev\u00e9kenys\u00e9gre \u00e9s ez \u00e1ltal alkalmasak orsz\u00e1ghat\u00e1ron k\u00edv\u00fcli c\u00e9l\u00e1llom\u00e1sokra, t\u00f6rt\u00e9n\u0151 kisz\u00e1ll\u00edt\u00e1sra \u00e9s onnan visszasz\u00e1ll\u00edt\u00e1sra.<\/p>\n<p style=\"text-align: justify;\">A v\u00e9grehajt\u00e1shoz megfelel\u0151 l\u00e9tsz\u00e1m\u00fa k\u00e9pzett sz\u00e1ll\u00edt\u00f3szem\u00e9lyzet \u00e9s g\u00e9pj\u00e1rm\u0171park \u00e1ll rendelkez\u00e9sre, akik k\u00e9pesek a rendk\u00edv\u00fcli esem\u00e9nyek bek\u00f6vetkez\u00e9se eset\u00e9n, v\u00e1ratlan helyzet megfelel\u0151 megold\u00e1s\u00e1ra.<\/p>\n<p style=\"text-align: justify;\">GPS alap\u00fa sz\u00e1ll\u00edtm\u00e1ny fel\u00fcgyeletet biztos\u00edtunk, \u00edgy pontosan behat\u00e1rolhat\u00f3 a sz\u00e1ll\u00edtm\u00e1ny \u00fatvonala.<\/p>\n<p>&nbsp;<\/p>\n","protected":false},"excerpt":{"rendered":"<p>C\u00e9g\u00fcnk alkalmazottai rendelkeznek a rakom\u00e1nykezel\u00e9si, rakom\u00e1ny rendez\u00e9si, rakom\u00e1ny r\u00f6gz\u00edt\u00e9si feladatokkal kapcsolatos tapasztalatokkal ez\u00e9rt egy magas szint\u0171 szolg\u00e1ltat\u00e1ssal tudunk a megrendel\u0151ink r\u00e9sz\u00e9re \u00e1llni. Folyamatosan ellen\u0151rizz\u00fck a dolgoz\u00f3ink szakmai felk\u00e9sz\u00fclts\u00e9g\u00e9t \u00e9s a megrendel\u0151kh\u00f6z \u00e9s c\u00e9g\u00fcnkh\u00f6z val\u00f3 maxim\u00e1lis lojalit\u00e1sukat. Felk\u00e9sz\u00fclts\u00e9g\u00fck r\u00e9v\u00e9n k\u00e9pesek elemz\u0151-\u00e9rt\u00e9kel\u0151 tev\u00e9kenys\u00e9gre \u00e9s ez \u00e1ltal alkalmasak orsz\u00e1ghat\u00e1ron k\u00edv\u00fcli c\u00e9l\u00e1llom\u00e1sokra, t\u00f6rt\u00e9n\u0151 kisz\u00e1ll\u00edt\u00e1sra \u00e9s onnan visszasz\u00e1ll\u00edt\u00e1sra. A v\u00e9grehajt\u00e1shoz [&hellip;]<\/p>\n","protected":false},"author":1,"featured_media":0,"parent":0,"menu_order":0,"comment_status":"closed","ping_status":"closed","template":"","meta":[],"_links":{"self":[{"href":"https:\/\/goazrt.eu\/wordpress\/wp-json\/wp\/v2\/pages\/32"}],"collection":[{"href":"https:\/\/goazrt.eu\/wordpress\/wp-json\/wp\/v2\/pages"}],"about":[{"href":"https:\/\/goazrt.eu\/wordpress\/wp-json\/wp\/v2\/types\/page"}],"author":[{"embeddable":true,"href":"https:\/\/goazrt.eu\/wordpress\/wp-json\/wp\/v2\/users\/1"}],"replies":[{"embeddable":true,"href":"https:\/\/goazrt.eu\/wordpress\/wp-json\/wp\/v2\/comments?post=32"}],"version-history":[{"count":3,"href":"https:\/\/goazrt.eu\/wordpress\/wp-json\/wp\/v2\/pages\/32\/revisions"}],"predecessor-version":[{"id":95,"href":"https:\/\/goazrt.eu\/wordpress\/wp-json\/wp\/v2\/pages\/32\/revisions\/95"}],"wp:attachment":[{"href":"https:\/\/goazrt.eu\/wordpress\/wp-json\/wp\/v2\/media?parent=32"}],"curies":[{"name":"wp","href":"https:\/\/api.w.org\/{rel}","templated":true}]}}