{"id":38,"date":"2019-06-11T15:56:05","date_gmt":"2019-06-11T13:56:05","guid":{"rendered":"http:\/\/goazrt.eu\/wp_hu\/?page_id=38"},"modified":"2019-08-12T13:28:34","modified_gmt":"2019-08-12T11:28:34","slug":"futarszolgaltatas","status":"publish","type":"page","link":"https:\/\/goazrt.eu\/wordpress\/futarszolgaltatas\/","title":{"rendered":"Fut\u00e1rszolg\u00e1ltat\u00e1s"},"content":{"rendered":"<p><img decoding=\"async\" loading=\"lazy\" src=\"https:\/\/goazrt.eu\/wp-content\/uploads\/2019\/08\/object-300x123.png\" alt=\"\" width=\"300\" height=\"123\" class=\"alignright size-medium wp-image-100\" srcset=\"https:\/\/goazrt.eu\/wordpress\/wp-content\/uploads\/2019\/08\/object-300x123.png 300w, https:\/\/goazrt.eu\/wordpress\/wp-content\/uploads\/2019\/08\/object-768x316.png 768w, https:\/\/goazrt.eu\/wordpress\/wp-content\/uploads\/2019\/08\/object.png 1000w\" sizes=\"(max-width: 300px) 100vw, 300px\" \/><\/p>\n<p style=\"text-align: justify;\">Alapvet\u0151en a levelek, k\u00fcldem\u00e9nyek speci\u00e1lis sz\u00e1ll\u00edt\u00e1sa meghat\u00e1rozott, biztons\u00e1gi rendszab\u00e1lyok betart\u00e1s\u00e1val \u00e9rt\u00e9k hordoz\u00f3kban.<\/p>\n<p style=\"text-align: justify;\">C\u00e9g\u00fcnk alkalmazottai rendelkeznek a levelek, k\u00fcldem\u00e9nyek sz\u00e1ll\u00edt\u00e1s\u00e1val, kapcsolatos tapasztalatokkal ez\u00e9rt egy magas szint\u0171 szolg\u00e1ltat\u00e1ssal tudunk a megrendel\u0151ink r\u00e9sz\u00e9re \u00e1llni.<\/p>\n<p style=\"text-align: justify;\">Felk\u00e9sz\u00fclts\u00e9g\u00fck r\u00e9v\u00e9n k\u00e9pesek elemz\u0151-\u00e9rt\u00e9kel\u0151 tev\u00e9kenys\u00e9gre \u00e9s ez\u00e1ltal alkalmasak orsz\u00e1ghat\u00e1ron k\u00edv\u00fcli c\u00e9l\u00e1llom\u00e1sokra, t\u00f6rt\u00e9n\u0151 kisz\u00e1ll\u00edt\u00e1sra \u00e9s onnan visszasz\u00e1ll\u00edt\u00e1sra.<\/p>\n<p style=\"text-align: justify;\">A v\u00e9grehajt\u00e1shoz megfelel\u0151 l\u00e9tsz\u00e1m\u00fa k\u00e9pzett sz\u00e1ll\u00edt\u00f3szem\u00e9lyzet \u00e9s g\u00e9pj\u00e1rm\u0171park \u00e1ll rendelkez\u00e9sre, akik k\u00e9pesek a rendk\u00edv\u00fcli esem\u00e9nyek bek\u00f6vetkez\u00e9se eset\u00e9n, v\u00e1ratlan helyzet megfelel\u0151 megold\u00e1s\u00e1ra.<\/p>\n<p style=\"text-align: justify;\">GPS alap\u00fa sz\u00e1ll\u00edtm\u00e1ny fel\u00fcgyeletet biztos\u00edtunk, \u00edgy pontosan behat\u00e1rolhat\u00f3 a sz\u00e1ll\u00edtm\u00e1ny \u00fatvonala.<\/p>\n","protected":false},"excerpt":{"rendered":"<p>Alapvet\u0151en a levelek, k\u00fcldem\u00e9nyek speci\u00e1lis sz\u00e1ll\u00edt\u00e1sa meghat\u00e1rozott, biztons\u00e1gi rendszab\u00e1lyok betart\u00e1s\u00e1val \u00e9rt\u00e9k hordoz\u00f3kban. C\u00e9g\u00fcnk alkalmazottai rendelkeznek a levelek, k\u00fcldem\u00e9nyek sz\u00e1ll\u00edt\u00e1s\u00e1val, kapcsolatos tapasztalatokkal ez\u00e9rt egy magas szint\u0171 szolg\u00e1ltat\u00e1ssal tudunk a megrendel\u0151ink r\u00e9sz\u00e9re \u00e1llni. Felk\u00e9sz\u00fclts\u00e9g\u00fck r\u00e9v\u00e9n k\u00e9pesek elemz\u0151-\u00e9rt\u00e9kel\u0151 tev\u00e9kenys\u00e9gre \u00e9s ez\u00e1ltal alkalmasak orsz\u00e1ghat\u00e1ron k\u00edv\u00fcli c\u00e9l\u00e1llom\u00e1sokra, t\u00f6rt\u00e9n\u0151 kisz\u00e1ll\u00edt\u00e1sra \u00e9s onnan visszasz\u00e1ll\u00edt\u00e1sra. A v\u00e9grehajt\u00e1shoz megfelel\u0151 l\u00e9tsz\u00e1m\u00fa k\u00e9pzett sz\u00e1ll\u00edt\u00f3szem\u00e9lyzet \u00e9s g\u00e9pj\u00e1rm\u0171park [&hellip;]<\/p>\n","protected":false},"author":1,"featured_media":0,"parent":0,"menu_order":0,"comment_status":"closed","ping_status":"closed","template":"","meta":[],"_links":{"self":[{"href":"https:\/\/goazrt.eu\/wordpress\/wp-json\/wp\/v2\/pages\/38"}],"collection":[{"href":"https:\/\/goazrt.eu\/wordpress\/wp-json\/wp\/v2\/pages"}],"about":[{"href":"https:\/\/goazrt.eu\/wordpress\/wp-json\/wp\/v2\/types\/page"}],"author":[{"embeddable":true,"href":"https:\/\/goazrt.eu\/wordpress\/wp-json\/wp\/v2\/users\/1"}],"replies":[{"embeddable":true,"href":"https:\/\/goazrt.eu\/wordpress\/wp-json\/wp\/v2\/comments?post=38"}],"version-history":[{"count":3,"href":"https:\/\/goazrt.eu\/wordpress\/wp-json\/wp\/v2\/pages\/38\/revisions"}],"predecessor-version":[{"id":101,"href":"https:\/\/goazrt.eu\/wordpress\/wp-json\/wp\/v2\/pages\/38\/revisions\/101"}],"wp:attachment":[{"href":"https:\/\/goazrt.eu\/wordpress\/wp-json\/wp\/v2\/media?parent=38"}],"curies":[{"name":"wp","href":"https:\/\/api.w.org\/{rel}","templated":true}]}}