{"id":40,"date":"2019-06-11T15:56:57","date_gmt":"2019-06-11T13:56:57","guid":{"rendered":"http:\/\/goazrt.eu\/wp_hu\/?page_id=40"},"modified":"2019-06-11T16:34:05","modified_gmt":"2019-06-11T14:34:05","slug":"fuvar-szervezes","status":"publish","type":"page","link":"https:\/\/goazrt.eu\/wordpress\/fuvar-szervezes\/","title":{"rendered":"Fuvar szervez\u00e9s"},"content":{"rendered":"\n<p>Fuvarszervez\u0151ink gyors, rugalmas \u00fcgyint\u00e9z\u00e9ssel \u00e1llnak megb\u00edz\u00f3ink rendelkez\u00e9s\u00e9re.<br>K\u00f6z\u00fati sz\u00e1ll\u00edtm\u00e1nyoz\u00e1s bel \u00e9s k\u00fclf\u00f6ldi viszonylatokban egyar\u00e1nt!<br>Kedves \u00e9s seg\u00edt\u0151k\u00e9sz munkat\u00e1rsaink odafigyel\u00e9ssel kezelik \u00e1llland\u00f3 \u00e9s alkalmi megb\u00edz\u00f3inkat.<br>Fuvarszervez\u0151ink nagy tapasztalattal \u00e9s kiterjedt kapcsolatrendszerrel rendelkeznek, igy mind\u00edg megtal\u00e1ljuk \u00d6nnek a legjobb megold\u00e1st.<\/p>\n\n\n\n<div class=\"wp-block-image\"><figure class=\"aligncenter\"><img decoding=\"async\" loading=\"lazy\" width=\"1024\" height=\"187\" src=\"http:\/\/goazrt.eu\/wp_hu\/wp-content\/uploads\/2019\/06\/fejlec_2-1024x187.png\" alt=\"\" class=\"wp-image-64\" srcset=\"https:\/\/goazrt.eu\/wordpress\/wp-content\/uploads\/2019\/06\/fejlec_2-1024x187.png 1024w, https:\/\/goazrt.eu\/wordpress\/wp-content\/uploads\/2019\/06\/fejlec_2-300x55.png 300w, https:\/\/goazrt.eu\/wordpress\/wp-content\/uploads\/2019\/06\/fejlec_2-768x140.png 768w, https:\/\/goazrt.eu\/wordpress\/wp-content\/uploads\/2019\/06\/fejlec_2.png 1920w\" sizes=\"(max-width: 1024px) 100vw, 1024px\" \/><\/figure><\/div>\n","protected":false},"excerpt":{"rendered":"<p>Fuvarszervez\u0151ink gyors, rugalmas \u00fcgyint\u00e9z\u00e9ssel \u00e1llnak megb\u00edz\u00f3ink rendelkez\u00e9s\u00e9re.K\u00f6z\u00fati sz\u00e1ll\u00edtm\u00e1nyoz\u00e1s bel \u00e9s k\u00fclf\u00f6ldi viszonylatokban egyar\u00e1nt!Kedves \u00e9s seg\u00edt\u0151k\u00e9sz munkat\u00e1rsaink odafigyel\u00e9ssel kezelik \u00e1llland\u00f3 \u00e9s alkalmi megb\u00edz\u00f3inkat.Fuvarszervez\u0151ink nagy tapasztalattal \u00e9s kiterjedt kapcsolatrendszerrel rendelkeznek, igy mind\u00edg megtal\u00e1ljuk \u00d6nnek a legjobb megold\u00e1st.<\/p>\n","protected":false},"author":1,"featured_media":0,"parent":0,"menu_order":0,"comment_status":"closed","ping_status":"closed","template":"","meta":[],"_links":{"self":[{"href":"https:\/\/goazrt.eu\/wordpress\/wp-json\/wp\/v2\/pages\/40"}],"collection":[{"href":"https:\/\/goazrt.eu\/wordpress\/wp-json\/wp\/v2\/pages"}],"about":[{"href":"https:\/\/goazrt.eu\/wordpress\/wp-json\/wp\/v2\/types\/page"}],"author":[{"embeddable":true,"href":"https:\/\/goazrt.eu\/wordpress\/wp-json\/wp\/v2\/users\/1"}],"replies":[{"embeddable":true,"href":"https:\/\/goazrt.eu\/wordpress\/wp-json\/wp\/v2\/comments?post=40"}],"version-history":[{"count":3,"href":"https:\/\/goazrt.eu\/wordpress\/wp-json\/wp\/v2\/pages\/40\/revisions"}],"predecessor-version":[{"id":67,"href":"https:\/\/goazrt.eu\/wordpress\/wp-json\/wp\/v2\/pages\/40\/revisions\/67"}],"wp:attachment":[{"href":"https:\/\/goazrt.eu\/wordpress\/wp-json\/wp\/v2\/media?parent=40"}],"curies":[{"name":"wp","href":"https:\/\/api.w.org\/{rel}","templated":true}]}}