{"id":42,"date":"2019-06-11T15:57:26","date_gmt":"2019-06-11T13:57:26","guid":{"rendered":"http:\/\/goazrt.eu\/wp_hu\/?page_id=42"},"modified":"2019-08-12T13:36:32","modified_gmt":"2019-08-12T11:36:32","slug":"aru-es-flottakovetes","status":"publish","type":"page","link":"https:\/\/goazrt.eu\/wordpress\/aru-es-flottakovetes\/","title":{"rendered":"\u00c1r\u00fa \u00e9s flottak\u00f6vet\u00e9s"},"content":{"rendered":"<p><img decoding=\"async\" loading=\"lazy\" src=\"https:\/\/goazrt.eu\/wp-content\/uploads\/2019\/08\/webeye-1024x681-300x200.jpg\" alt=\"\" width=\"300\" height=\"200\" class=\"alignright size-medium wp-image-103\" srcset=\"https:\/\/goazrt.eu\/wordpress\/wp-content\/uploads\/2019\/08\/webeye-1024x681-300x200.jpg 300w, https:\/\/goazrt.eu\/wordpress\/wp-content\/uploads\/2019\/08\/webeye-1024x681-768x511.jpg 768w, https:\/\/goazrt.eu\/wordpress\/wp-content\/uploads\/2019\/08\/webeye-1024x681.jpg 1024w\" sizes=\"(max-width: 300px) 100vw, 300px\" \/><\/p>\n<p style=\"text-align: justify;\">Minden g\u00e9pj\u00e1rm\u0171 rendelkezik GPS flottak\u00f6vet\u0151vel, \u00e9s OBU bevall\u00e1s k\u00f6zvet\u00edt\u0151vel aminek a seg\u00edts\u00e9g\u00e9vel m\u00e1r az E-\u00fatd\u00edjat is fizethetj\u00fck, valamint a tengelysz\u00e1m v\u00e1ltoz\u00e1s \u00e1ll\u00edt\u00e1sa teljesen automatikusan t\u00f6rt\u00e9nik k\u00fcls\u0151 beavatkoz\u00e1s n\u00e9lk\u00fcl.<\/p>\n<p style=\"text-align: justify;\">El\u0151nyei:<\/p>\n<li>On-line GPRS alap\u00fa val\u00f3sidej\u0171 kapcsolat<\/li>\n<li>Sof\u0151r \u00e9s vontatm\u00e1nyazonos\u00edt\u00e1s<\/li>\n<p style=\"text-align: justify;\">A GPS alap\u00fa rendszer legf\u0151bb el\u0151nye, hogy \u00e1lland\u00f3 inform\u00e1ci\u00f3t szolg\u00e1ltat a j\u00e1rm\u0171r\u0151l \u00e9s annak pontos poz\u00edci\u00f3j\u00e1r\u00f3l, helyzet\u00e9r\u0151l. A f\u0151bb m\u0171szaki param\u00e9terek mint sebess\u00e9g, fordulatsz\u00e1m, h\u0171t\u0151v\u00edzh\u0151fok, \u00fczemanyag, vezet\u00e9si id\u0151 <em>(a fed\u00e9lzeti computer alapj\u00e1n CAN-bus\/FMS-en kereszt\u00fcl)<\/em> folyamatosan nyomon k\u00f6vethet\u0151, ellen\u0151rizhet\u0151.<\/p>\n<p style=\"text-align: justify;\">Fenti inform\u00e1ci\u00f3k honlapunkon kereszt\u00fcl b\u00e1rhonnan, b\u00e1rmikor el\u00e9rhet\u0151ek partnereink r\u00e9sz\u00e9re.<\/p>\n","protected":false},"excerpt":{"rendered":"<p>Minden g\u00e9pj\u00e1rm\u0171 rendelkezik GPS flottak\u00f6vet\u0151vel, \u00e9s OBU bevall\u00e1s k\u00f6zvet\u00edt\u0151vel aminek a seg\u00edts\u00e9g\u00e9vel m\u00e1r az E-\u00fatd\u00edjat is fizethetj\u00fck, valamint a tengelysz\u00e1m v\u00e1ltoz\u00e1s \u00e1ll\u00edt\u00e1sa teljesen automatikusan t\u00f6rt\u00e9nik k\u00fcls\u0151 beavatkoz\u00e1s n\u00e9lk\u00fcl. El\u0151nyei: On-line GPRS alap\u00fa val\u00f3sidej\u0171 kapcsolat Sof\u0151r \u00e9s vontatm\u00e1nyazonos\u00edt\u00e1s A GPS alap\u00fa rendszer legf\u0151bb el\u0151nye, hogy \u00e1lland\u00f3 inform\u00e1ci\u00f3t szolg\u00e1ltat a j\u00e1rm\u0171r\u0151l \u00e9s annak pontos poz\u00edci\u00f3j\u00e1r\u00f3l, helyzet\u00e9r\u0151l. A [&hellip;]<\/p>\n","protected":false},"author":1,"featured_media":0,"parent":0,"menu_order":0,"comment_status":"closed","ping_status":"closed","template":"","meta":[],"_links":{"self":[{"href":"https:\/\/goazrt.eu\/wordpress\/wp-json\/wp\/v2\/pages\/42"}],"collection":[{"href":"https:\/\/goazrt.eu\/wordpress\/wp-json\/wp\/v2\/pages"}],"about":[{"href":"https:\/\/goazrt.eu\/wordpress\/wp-json\/wp\/v2\/types\/page"}],"author":[{"embeddable":true,"href":"https:\/\/goazrt.eu\/wordpress\/wp-json\/wp\/v2\/users\/1"}],"replies":[{"embeddable":true,"href":"https:\/\/goazrt.eu\/wordpress\/wp-json\/wp\/v2\/comments?post=42"}],"version-history":[{"count":3,"href":"https:\/\/goazrt.eu\/wordpress\/wp-json\/wp\/v2\/pages\/42\/revisions"}],"predecessor-version":[{"id":104,"href":"https:\/\/goazrt.eu\/wordpress\/wp-json\/wp\/v2\/pages\/42\/revisions\/104"}],"wp:attachment":[{"href":"https:\/\/goazrt.eu\/wordpress\/wp-json\/wp\/v2\/media?parent=42"}],"curies":[{"name":"wp","href":"https:\/\/api.w.org\/{rel}","templated":true}]}}