{"id":49,"date":"2019-06-11T15:58:52","date_gmt":"2019-06-11T13:58:52","guid":{"rendered":"http:\/\/goazrt.eu\/wp_hu\/?page_id=49"},"modified":"2019-08-12T13:43:06","modified_gmt":"2019-08-12T11:43:06","slug":"takaritas-homentesites","status":"publish","type":"page","link":"https:\/\/goazrt.eu\/wordpress\/takaritas-homentesites\/","title":{"rendered":"Takar\u00edt\u00e1s, H\u00f3mentes\u00edt\u00e9s"},"content":{"rendered":"<p><img decoding=\"async\" loading=\"lazy\" src=\"https:\/\/goazrt.eu\/wp-content\/uploads\/2019\/08\/cleaning_man-300x200.jpg\" alt=\"\" width=\"300\" height=\"200\" class=\"alignright size-medium wp-image-108\" srcset=\"https:\/\/goazrt.eu\/wordpress\/wp-content\/uploads\/2019\/08\/cleaning_man-300x200.jpg 300w, https:\/\/goazrt.eu\/wordpress\/wp-content\/uploads\/2019\/08\/cleaning_man-768x512.jpg 768w, https:\/\/goazrt.eu\/wordpress\/wp-content\/uploads\/2019\/08\/cleaning_man-1024x683.jpg 1024w, https:\/\/goazrt.eu\/wordpress\/wp-content\/uploads\/2019\/08\/cleaning_man.jpg 1600w\" sizes=\"(max-width: 300px) 100vw, 300px\" \/><\/p>\n<p style=\"text-align: justify;\">V\u00e1llalatunk a takar\u00edt\u00e1si tev\u00e9kenys\u00e9gben magas szint\u0171 min\u0151s\u00e9get ir\u00e1nyoz meg, mivel a takar\u00edt\u00e1si folyamat nem csak eszt\u00e9tikai feladat, hanem hig\u00e9niai fontoss\u00e1g\u00fa is, ez\u00e9rt a legmegfelel\u0151bb takar\u00edt\u00f3 eszk\u00f6z\u00f6ket, szereket \u00e9s tiszt\u00edt\u00e1s technol\u00f3gi\u00e1t alkalmazza minden takar\u00edtand\u00f3 fel\u00fcletn\u00e9l figyelembe v\u00e9ve a HACCP ir\u00e1nyelveit.<\/p>\n<p style=\"text-align: justify;\">Minden egyes takar\u00edtand\u00f3 fel\u00fcletre \u00e9s helys\u00e9gre k\u00fcl\u00f6n-k\u00fcl\u00f6n takar\u00edt\u00e1si folyamatot dolgozunk ki, az \u00e1lland\u00f3 \u00e9s id\u0151szakos takar\u00edt\u00e1sokra is.<\/p>\n<p style=\"text-align: justify;\">A takar\u00edt\u00e1si tev\u00e9kenys\u00e9g megtervez\u00e9s\u00e9be bevonjuk a tisztelt megb\u00edz\u00f3t, mert garant\u00e1lnunk kell a megb\u00edz\u00f3 mindennapi tev\u00e9kenys\u00e9g\u00e9nek zavartalans\u00e1g\u00e1t.<\/p>\n<p style=\"text-align: justify;\">Minden megb\u00edz\u00e1sunkat saj\u00e1t j\u00f3l bev\u00e1lt takar\u00edt\u00f3 eszk\u00f6z\u00f6kkel \u00e9s tiszt\u00edt\u00f3szerekkel v\u00e9gz\u00fck \u00fagy, hogy k\u00fcl\u00f6n d\u00edj felsz\u00e1m\u00edt\u00e1s\u00e1ra nem ker\u00fcl sor.<\/p>\n","protected":false},"excerpt":{"rendered":"<p>V\u00e1llalatunk a takar\u00edt\u00e1si tev\u00e9kenys\u00e9gben magas szint\u0171 min\u0151s\u00e9get ir\u00e1nyoz meg, mivel a takar\u00edt\u00e1si folyamat nem csak eszt\u00e9tikai feladat, hanem hig\u00e9niai fontoss\u00e1g\u00fa is, ez\u00e9rt a legmegfelel\u0151bb takar\u00edt\u00f3 eszk\u00f6z\u00f6ket, szereket \u00e9s tiszt\u00edt\u00e1s technol\u00f3gi\u00e1t alkalmazza minden takar\u00edtand\u00f3 fel\u00fcletn\u00e9l figyelembe v\u00e9ve a HACCP ir\u00e1nyelveit. Minden egyes takar\u00edtand\u00f3 fel\u00fcletre \u00e9s helys\u00e9gre k\u00fcl\u00f6n-k\u00fcl\u00f6n takar\u00edt\u00e1si folyamatot dolgozunk ki, az \u00e1lland\u00f3 \u00e9s id\u0151szakos takar\u00edt\u00e1sokra [&hellip;]<\/p>\n","protected":false},"author":1,"featured_media":0,"parent":0,"menu_order":0,"comment_status":"closed","ping_status":"closed","template":"","meta":[],"_links":{"self":[{"href":"https:\/\/goazrt.eu\/wordpress\/wp-json\/wp\/v2\/pages\/49"}],"collection":[{"href":"https:\/\/goazrt.eu\/wordpress\/wp-json\/wp\/v2\/pages"}],"about":[{"href":"https:\/\/goazrt.eu\/wordpress\/wp-json\/wp\/v2\/types\/page"}],"author":[{"embeddable":true,"href":"https:\/\/goazrt.eu\/wordpress\/wp-json\/wp\/v2\/users\/1"}],"replies":[{"embeddable":true,"href":"https:\/\/goazrt.eu\/wordpress\/wp-json\/wp\/v2\/comments?post=49"}],"version-history":[{"count":3,"href":"https:\/\/goazrt.eu\/wordpress\/wp-json\/wp\/v2\/pages\/49\/revisions"}],"predecessor-version":[{"id":109,"href":"https:\/\/goazrt.eu\/wordpress\/wp-json\/wp\/v2\/pages\/49\/revisions\/109"}],"wp:attachment":[{"href":"https:\/\/goazrt.eu\/wordpress\/wp-json\/wp\/v2\/media?parent=49"}],"curies":[{"name":"wp","href":"https:\/\/api.w.org\/{rel}","templated":true}]}}